{"id":6377,"date":"2018-02-13T15:37:27","date_gmt":"2018-02-13T12:37:27","guid":{"rendered":"https:\/\/atlanticstonesource.com\/?page_id=6377"},"modified":"2023-11-11T20:54:48","modified_gmt":"2023-11-11T17:54:48","slug":"contactanos","status":"publish","type":"page","link":"https:\/\/atlanticstonesource.com\/es\/contactanos\/","title":{"rendered":"Contactanos"},"content":{"rendered":"<p>[vc_row row_content_width=&#8221;grid&#8221; css=&#8221;.vc_custom_1518537230201{padding-bottom: 180px !important;}&#8221;][vc_column width=&#8221;1\/2&#8243; offset=&#8221;vc_col-lg-6 vc_col-md-6 vc_col-xs-12&#8243; css=&#8221;.vc_custom_1693831694759{padding-top: 23px !important;}&#8221;][vc_column_text]Nuestro centro de distribuci\u00f3n est\u00e1 ubicado en Pompano Beach, Florida, a menos de una milla al oeste de la I-95 en el Atlantic Business Center. La sala de exposici\u00f3n de Atlantic Stone Source cuenta con personal altamente calificado para ayudarlo a responder todas las preguntas que pueda tener sobre nuestros productos y sus aplicaciones. Estamos abiertos al p\u00fablico y tambi\u00e9n contamos con varios programas para contratistas, dise\u00f1adores, arquitectos y desarrolladores.[\/vc_column_text][vc_empty_space height=&#8221;16px&#8221;]<div class=\"mkd-separator-holder clearfix  mkd-separator-left mkd-separator-full-width\">\n\t<div class=\"mkd-separator\" style=\"border-color: #e0e0e0;border-bottom-width: 2px\"><\/div>\n<\/div>\n<div class=\"mkd-section-title-holder  \" >\n\t<div class=\"mkd-st-inner\">\n\t\t\t\t\t<h4 class=\"mkd-st-title\" >\n\t\t\t\tHORARIO DE ATENCI\u00d3N AL CLIENTE\t\t\t<\/h4>\n\t\t\t\t\t\t\t<\/div>\n<\/div>[vc_empty_space height=&#8221;16px&#8221;]<div class=\"mkd-icon-list-holder \" >\n\t<div class=\"mkd-il-icon-holder\">\n\t\t<i class=\"mkd-icon-font-awesome fa fa-clock-o \"><\/i>\t<\/div>\n\t<p class=\"mkd-il-text\" style=\"font-size: 16px\">Lunes \u2013 Viernes: 7:30 AM \u2013 5:00 PM<\/p>\n<\/div><div class=\"mkd-icon-list-holder \" >\n\t<div class=\"mkd-il-icon-holder\">\n\t\t<i class=\"mkd-icon-font-awesome fa fa-clock-o \"><\/i>\t<\/div>\n\t<p class=\"mkd-il-text\" style=\"font-size: 16px\">S\u00e1bado: 9:00 AM \u2013 4:00 PM<\/p>\n<\/div><div class=\"mkd-icon-list-holder \" >\n\t<div class=\"mkd-il-icon-holder\">\n\t\t<i class=\"mkd-icon-font-awesome fa fa-clock-o \"><\/i>\t<\/div>\n\t<p class=\"mkd-il-text\" style=\"font-size: 16px\">Domingo: Cerrado.<\/p>\n<\/div><div class=\"mkd-separator-holder clearfix  mkd-separator-left mkd-separator-full-width\">\n\t<div class=\"mkd-separator\" style=\"border-color: #e0e0e0;border-bottom-width: 2px\"><\/div>\n<\/div>\n<div class=\"mkd-section-title-holder  \" >\n\t<div class=\"mkd-st-inner\">\n\t\t\t\t\t<h4 class=\"mkd-st-title\" >\n\t\t\t\tHORARIO DE ALMAC\u00c9N\t\t\t<\/h4>\n\t\t\t\t\t\t\t<\/div>\n<\/div><div class=\"mkd-icon-list-holder \" >\n\t<div class=\"mkd-il-icon-holder\">\n\t\t<i class=\"mkd-icon-font-awesome fa fa-clock-o \"><\/i>\t<\/div>\n\t<p class=\"mkd-il-text\" style=\"font-size: 16px\">Lunes \u2013 Viernes: 7:30 AM \u2013 4:30 PM<\/p>\n<\/div><div class=\"mkd-icon-list-holder \" >\n\t<div class=\"mkd-il-icon-holder\">\n\t\t<i class=\"mkd-icon-font-awesome fa fa-clock-o \"><\/i>\t<\/div>\n\t<p class=\"mkd-il-text\" style=\"font-size: 16px\">S\u00e1bado: 9:00 AM \u2013 12:00 PM<\/p>\n<\/div><div class=\"mkd-icon-list-holder \" >\n\t<div class=\"mkd-il-icon-holder\">\n\t\t<i class=\"mkd-icon-font-awesome fa fa-clock-o \"><\/i>\t<\/div>\n\t<p class=\"mkd-il-text\" style=\"font-size: 16px\">Domingo: Cerrado.<\/p>\n<\/div>[vc_column_text]<\/p>\n<p class=\"mkd-il-text\" style=\"font-size: 16px;\"><i class=\"mkd-icon-font-awesome fa fa-phone-square \"><\/i> N\u00famero de Tel\u00e9fono: <a href=\"tel:1-954-977-4876\"> 1-954-977-4876<\/a><\/p>\n<p>[\/vc_column_text][\/vc_column][vc_column width=&#8221;1\/2&#8243;]\n<div class=\"wpcf7 no-js\" id=\"wpcf7-f6405-o1\" lang=\"en-US\" dir=\"ltr\" data-wpcf7-id=\"6405\">\n<div class=\"screen-reader-response\"><p role=\"status\" aria-live=\"polite\" aria-atomic=\"true\"><\/p> <ul><\/ul><\/div>\n<form action=\"\/es\/wp-json\/wp\/v2\/pages\/6377#wpcf7-f6405-o1\" method=\"post\" class=\"wpcf7-form init\" aria-label=\"Contact form\" novalidate=\"novalidate\" data-status=\"init\">\n<div style=\"display: none;\">\n<input type=\"hidden\" name=\"_wpcf7\" value=\"6405\" \/>\n<input type=\"hidden\" name=\"_wpcf7_version\" value=\"6.0.2\" \/>\n<input type=\"hidden\" name=\"_wpcf7_locale\" value=\"en_US\" \/>\n<input type=\"hidden\" name=\"_wpcf7_unit_tag\" value=\"wpcf7-f6405-o1\" \/>\n<input type=\"hidden\" name=\"_wpcf7_container_post\" value=\"0\" \/>\n<input type=\"hidden\" name=\"_wpcf7_posted_data_hash\" value=\"\" \/>\n<\/div>\n<div class=\"mkd-cf7-contact-form\">\n\t<div class=\"c6\">\n\t\t<p><span class=\"wpcf7-form-control-wrap\" data-name=\"name\"><input size=\"40\" maxlength=\"400\" class=\"wpcf7-form-control wpcf7-text wpcf7-validates-as-required\" aria-required=\"true\" aria-invalid=\"false\" placeholder=\"Nombre de pila\" value=\"\" type=\"text\" name=\"name\" \/><\/span>\n\t\t<\/p>\n\t<\/div>\n\t<div class=\"c6\">\n\t\t<p><span class=\"wpcf7-form-control-wrap\" data-name=\"surname\"><input size=\"40\" maxlength=\"400\" class=\"wpcf7-form-control wpcf7-text wpcf7-validates-as-required\" aria-required=\"true\" aria-invalid=\"false\" placeholder=\"Apellido\" value=\"\" type=\"text\" name=\"surname\" \/><\/span>\n\t\t<\/p>\n\t<\/div>\n\t<div style=\"clear:both;\">\n\t<\/div>\n\t<div class=\"c6\">\n\t\t<p><span class=\"wpcf7-form-control-wrap\" data-name=\"address\"><input size=\"40\" maxlength=\"400\" class=\"wpcf7-form-control wpcf7-text wpcf7-validates-as-required\" aria-required=\"true\" aria-invalid=\"false\" placeholder=\"Direcci\u00f3n\" value=\"\" type=\"text\" name=\"address\" \/><\/span>\n\t\t<\/p>\n\t<\/div>\n\t<div class=\"c6\">\n\t\t<p><span class=\"wpcf7-form-control-wrap\" data-name=\"zip-code\"><input size=\"40\" maxlength=\"400\" class=\"wpcf7-form-control wpcf7-text wpcf7-validates-as-required\" aria-required=\"true\" aria-invalid=\"false\" placeholder=\"C\u00f3digo postal\" value=\"\" type=\"text\" name=\"zip-code\" \/><\/span>\n\t\t<\/p>\n\t<\/div>\n\t<div style=\"clear:both;\">\n\t<\/div>\n\t<div class=\"c6\">\n\t\t<p><span class=\"wpcf7-form-control-wrap\" data-name=\"city\"><input size=\"40\" maxlength=\"400\" class=\"wpcf7-form-control wpcf7-text wpcf7-validates-as-required\" aria-required=\"true\" aria-invalid=\"false\" placeholder=\"Ciudad\" value=\"\" type=\"text\" name=\"city\" \/><\/span>\n\t\t<\/p>\n\t<\/div>\n\t<div class=\"c6\">\n\t\t<p><span class=\"wpcf7-form-control-wrap\" data-name=\"state\"><input size=\"40\" maxlength=\"400\" class=\"wpcf7-form-control wpcf7-text wpcf7-validates-as-required\" aria-required=\"true\" aria-invalid=\"false\" placeholder=\"Estado\" value=\"\" type=\"text\" name=\"state\" \/><\/span>\n\t\t<\/p>\n\t<\/div>\n\t<div style=\"clear:both;\">\n\t<\/div>\n\t<div class=\"c6\">\n\t\t<p><span class=\"wpcf7-form-control-wrap\" data-name=\"email\"><input size=\"40\" maxlength=\"400\" class=\"wpcf7-form-control wpcf7-email wpcf7-validates-as-required wpcf7-text wpcf7-validates-as-email\" aria-required=\"true\" aria-invalid=\"false\" placeholder=\"E-mail\" value=\"\" type=\"email\" name=\"email\" \/><\/span>\n\t\t<\/p>\n\t<\/div>\n\t<div class=\"c6\">\n\t\t<p><span class=\"wpcf7-form-control-wrap\" data-name=\"phone-number\"><input size=\"40\" maxlength=\"400\" class=\"wpcf7-form-control wpcf7-text wpcf7-validates-as-required\" aria-required=\"true\" aria-invalid=\"false\" placeholder=\"Phone\" value=\"\" type=\"text\" name=\"phone-number\" \/><\/span>\n\t\t<\/p>\n\t<\/div>\n\t<div style=\"clear:both;\">\n\t<\/div>\n\t<div class=\"c12\">\n\t\t<p><label class=\"subtitle\">M\u00e9todo de contacto preferido<\/label><br \/>\n<span class=\"wpcf7-form-control-wrap\" data-name=\"contact-method\"><span class=\"wpcf7-form-control wpcf7-radio\"><span class=\"wpcf7-list-item first\"><label><input type=\"radio\" name=\"contact-method\" value=\"Email\" checked=\"checked\" \/><span class=\"wpcf7-list-item-label\">Email<\/span><\/label><\/span><span class=\"wpcf7-list-item last\"><label><input type=\"radio\" name=\"contact-method\" value=\"Tel\u00e9fono\" \/><span class=\"wpcf7-list-item-label\">Tel\u00e9fono<\/span><\/label><\/span><\/span><\/span>\n\t\t<\/p>\n\t<\/div>\n\t<div class=\"c12\">\n\t\t<p><label class=\"subtitle\">Tipo de Cliente<\/label><br \/>\n<span class=\"wpcf7-form-control-wrap\" data-name=\"customer-type\"><select class=\"wpcf7-form-control wpcf7-select wpcf7-validates-as-required\" aria-required=\"true\" aria-invalid=\"false\" name=\"customer-type\"><option value=\"\">&#8212;Please choose an option&#8212;<\/option><option value=\"Due\u00f1o de casa\">Due\u00f1o de casa<\/option><option value=\"Distribuidor\">Distribuidor<\/option><option value=\"Arquitecto\">Arquitecto<\/option><option value=\"Dise\u00f1ador\">Dise\u00f1ador<\/option><option value=\"Contratista\">Contratista<\/option><option value=\"Fabricante\">Fabricante<\/option><option value=\"Administrador de la propiedad\">Administrador de la propiedad<\/option><option value=\"Desarrollador\">Desarrollador<\/option><option value=\"Otro\">Otro<\/option><\/select><\/span>\n\t\t<\/p>\n\t<\/div>\n\t<div class=\"c12\">\n\t\t<p><label class=\"subtitle\">\u00bfC\u00f3mo podemos ayudarle hoy?<\/label><br \/>\n<span class=\"wpcf7-form-control-wrap\" data-name=\"assist\"><span class=\"wpcf7-form-control wpcf7-checkbox\"><span class=\"wpcf7-list-item first\"><label><input type=\"checkbox\" name=\"assist[]\" value=\"Solicitar precio de producto\" \/><span class=\"wpcf7-list-item-label\">Solicitar precio de producto<\/span><\/label><\/span><span class=\"wpcf7-list-item\"><label><input type=\"checkbox\" name=\"assist[]\" value=\"Pedir una muestra\" \/><span class=\"wpcf7-list-item-label\">Pedir una muestra<\/span><\/label><\/span><span class=\"wpcf7-list-item\"><label><input type=\"checkbox\" name=\"assist[]\" value=\"Solicitar un costo de env\u00edo\" \/><span class=\"wpcf7-list-item-label\">Solicitar un costo de env\u00edo<\/span><\/label><\/span><span class=\"wpcf7-list-item\"><label><input type=\"checkbox\" name=\"assist[]\" value=\"Crear una cuenta comercial\" \/><span class=\"wpcf7-list-item-label\">Crear una cuenta comercial<\/span><\/label><\/span><span class=\"wpcf7-list-item\"><label><input type=\"checkbox\" name=\"assist[]\" value=\"Ayuda para encontrar un producto\" \/><span class=\"wpcf7-list-item-label\">Ayuda para encontrar un producto<\/span><\/label><\/span><span class=\"wpcf7-list-item\"><label><input type=\"checkbox\" name=\"assist[]\" value=\"Asunto\" \/><span class=\"wpcf7-list-item-label\">Asunto<\/span><\/label><\/span><span class=\"wpcf7-list-item last\"><label><input type=\"checkbox\" name=\"assist[]\" value=\"Otro\" \/><span class=\"wpcf7-list-item-label\">Otro<\/span><\/label><\/span><\/span><\/span>\n\t\t<\/p>\n\t<\/div>\n\t<div class=\"c12\">\n\t\t<p><span class=\"wpcf7-form-control-wrap\" data-name=\"note\"><textarea cols=\"40\" rows=\"1\" maxlength=\"2000\" class=\"wpcf7-form-control wpcf7-textarea\" aria-invalid=\"false\" placeholder=\"Notas\" name=\"note\"><\/textarea><\/span>\n\t\t<\/p>\n\t<\/div>\n\t<p><span class=\"mkd-submit-button-wrapper\"><br \/>\n<input class=\"wpcf7-form-control wpcf7-submit has-spinner\" type=\"submit\" value=\"Enviar\" \/><span class=\"mkd-submit-btn-icon arrow_right\"><\/span><br \/>\n<\/span>\n\t<\/p>\n<\/div><div class=\"wpcf7-response-output\" aria-hidden=\"true\"><\/div>\n<\/form>\n<\/div>\n<div class=\"mkd-elements-holder   mkd-one-column  mkd-responsive-mode-768 \" ><div class=\"mkd-eh-item    \"  data-item-class=\"mkd-eh-custom-2022\">\n\t<div class=\"mkd-eh-item-inner\">\n\t\t<div class=\"mkd-eh-item-content mkd-eh-custom-2022\" style=\"padding: 0 20%\">\n\t\t\t\t\t<\/div>\n\t<\/div>\n<\/div><\/div>[\/vc_column][\/vc_row]<\/p>\n","protected":false},"excerpt":{"rendered":"<p>[vc_row row_content_width=&#8221;grid&#8221; css=&#8221;.vc_custom_1518537230201{padding-bottom: 180px !important;}&#8221;][vc_column width=&#8221;1\/2&#8243; offset=&#8221;vc_col-lg-6 vc_col-md-6 vc_col-xs-12&#8243; css=&#8221;.vc_custom_1693831694759{padding-top: 23px !important;}&#8221;][vc_column_text]Nuestro centro de distribuci\u00f3n est\u00e1 ubicado en Pompano Beach, Florida, a menos de una milla al oeste de la I-95 en el Atlantic Business Center. La sala de exposici\u00f3n [&hellip;]<\/p>\n","protected":false},"author":1,"featured_media":0,"parent":0,"menu_order":0,"comment_status":"closed","ping_status":"closed","template":"full-width.php","meta":{"footnotes":""},"class_list":["post-6377","page","type-page","status-publish","hentry"],"_links":{"self":[{"href":"https:\/\/atlanticstonesource.com\/es\/wp-json\/wp\/v2\/pages\/6377","targetHints":{"allow":["GET"]}}],"collection":[{"href":"https:\/\/atlanticstonesource.com\/es\/wp-json\/wp\/v2\/pages"}],"about":[{"href":"https:\/\/atlanticstonesource.com\/es\/wp-json\/wp\/v2\/types\/page"}],"author":[{"embeddable":true,"href":"https:\/\/atlanticstonesource.com\/es\/wp-json\/wp\/v2\/users\/1"}],"replies":[{"embeddable":true,"href":"https:\/\/atlanticstonesource.com\/es\/wp-json\/wp\/v2\/comments?post=6377"}],"version-history":[{"count":3,"href":"https:\/\/atlanticstonesource.com\/es\/wp-json\/wp\/v2\/pages\/6377\/revisions"}],"predecessor-version":[{"id":6406,"href":"https:\/\/atlanticstonesource.com\/es\/wp-json\/wp\/v2\/pages\/6377\/revisions\/6406"}],"wp:attachment":[{"href":"https:\/\/atlanticstonesource.com\/es\/wp-json\/wp\/v2\/media?parent=6377"}],"curies":[{"name":"wp","href":"https:\/\/api.w.org\/{rel}","templated":true}]}}